{"id":4094,"date":"2022-05-17T04:27:27","date_gmt":"2022-05-17T04:27:27","guid":{"rendered":"http:\/\/lp.economic-literacy.eu\/legacy-notice\/"},"modified":"2022-12-01T14:45:51","modified_gmt":"2022-12-01T14:45:51","slug":"legacy-notice","status":"publish","type":"page","link":"https:\/\/lp.economic-literacy.eu\/de\/legacy-notice\/","title":{"rendered":"Legacy Notice"},"content":{"rendered":"\t\t<div data-elementor-type=\"wp-page\" data-elementor-id=\"4094\" class=\"elementor elementor-4094\">\n\t\t\t\t\t\t\t\t\t<section class=\"elementor-section elementor-top-section elementor-element elementor-element-6a8f50b elementor-section-stretched elementor-section-boxed elementor-section-height-default elementor-section-height-default\" data-id=\"6a8f50b\" data-element_type=\"section\" data-settings=\"{&quot;stretch_section&quot;:&quot;section-stretched&quot;,&quot;background_background&quot;:&quot;gradient&quot;}\">\n\t\t\t\t\t\t<div class=\"elementor-container elementor-column-gap-default\">\n\t\t\t\t\t<div class=\"elementor-column elementor-col-50 elementor-top-column elementor-element elementor-element-78e3583\" data-id=\"78e3583\" data-element_type=\"column\">\n\t\t\t<div class=\"elementor-widget-wrap elementor-element-populated\">\n\t\t\t\t\t\t\t\t<div class=\"elementor-element elementor-element-04f72df elementor-widget elementor-widget-heading\" data-id=\"04f72df\" data-element_type=\"widget\" data-widget_type=\"heading.default\">\n\t\t\t\t<div class=\"elementor-widget-container\">\n\t\t\t<style>\/*! elementor - v3.8.1 - 13-11-2022 *\/\n.elementor-heading-title{padding:0;margin:0;line-height:1}.elementor-widget-heading .elementor-heading-title[class*=elementor-size-]>a{color:inherit;font-size:inherit;line-height:inherit}.elementor-widget-heading .elementor-heading-title.elementor-size-small{font-size:15px}.elementor-widget-heading .elementor-heading-title.elementor-size-medium{font-size:19px}.elementor-widget-heading .elementor-heading-title.elementor-size-large{font-size:29px}.elementor-widget-heading .elementor-heading-title.elementor-size-xl{font-size:39px}.elementor-widget-heading .elementor-heading-title.elementor-size-xxl{font-size:59px}<\/style><h2 class=\"elementor-heading-title elementor-size-default\">Impressum<\/h2>\t\t<\/div>\n\t\t\t\t<\/div>\n\t\t\t\t<div class=\"elementor-element elementor-element-b656985 elementor-widget elementor-widget-spacer\" data-id=\"b656985\" data-element_type=\"widget\" data-widget_type=\"spacer.default\">\n\t\t\t\t<div class=\"elementor-widget-container\">\n\t\t\t<style>\/*! elementor - v3.8.1 - 13-11-2022 *\/\n.elementor-column .elementor-spacer-inner{height:var(--spacer-size)}.e-con{--container-widget-width:100%}.e-con-inner>.elementor-widget-spacer,.e-con>.elementor-widget-spacer{width:var(--container-widget-width,var(--spacer-size));-ms-flex-item-align:stretch;align-self:stretch;-ms-flex-negative:0;flex-shrink:0}.e-con-inner>.elementor-widget-spacer>.elementor-widget-container,.e-con-inner>.elementor-widget-spacer>.elementor-widget-container>.elementor-spacer,.e-con>.elementor-widget-spacer>.elementor-widget-container,.e-con>.elementor-widget-spacer>.elementor-widget-container>.elementor-spacer{height:100%}.e-con-inner>.elementor-widget-spacer>.elementor-widget-container>.elementor-spacer>.elementor-spacer-inner,.e-con>.elementor-widget-spacer>.elementor-widget-container>.elementor-spacer>.elementor-spacer-inner{height:var(--container-widget-height,var(--spacer-size))}<\/style>\t\t<div class=\"elementor-spacer\">\n\t\t\t<div class=\"elementor-spacer-inner\"><\/div>\n\t\t<\/div>\n\t\t\t\t<\/div>\n\t\t\t\t<\/div>\n\t\t\t\t<div class=\"elementor-element elementor-element-cc9a69b elementor-widget elementor-widget-text-editor\" data-id=\"cc9a69b\" data-element_type=\"widget\" data-widget_type=\"text-editor.default\">\n\t\t\t\t<div class=\"elementor-widget-container\">\n\t\t\t<style>\/*! elementor - v3.8.1 - 13-11-2022 *\/\n.elementor-widget-text-editor.elementor-drop-cap-view-stacked .elementor-drop-cap{background-color:#818a91;color:#fff}.elementor-widget-text-editor.elementor-drop-cap-view-framed .elementor-drop-cap{color:#818a91;border:3px solid;background-color:transparent}.elementor-widget-text-editor:not(.elementor-drop-cap-view-default) .elementor-drop-cap{margin-top:8px}.elementor-widget-text-editor:not(.elementor-drop-cap-view-default) .elementor-drop-cap-letter{width:1em;height:1em}.elementor-widget-text-editor .elementor-drop-cap{float:left;text-align:center;line-height:1;font-size:50px}.elementor-widget-text-editor .elementor-drop-cap-letter{display:inline-block}<\/style>\t\t\t\t<header class=\"entry-header\"><p><strong>Koordinierende Einrichtung des Projekts:<\/strong><\/p><p><strong><em><span class=\"has-inline-color\">weltgewandt.<\/span><\/em><\/strong>\u00a0Institut f\u00fcr interkulturelle politische Bildung e.V.<br \/>The weltgewandt Institute for Intercultural Civic Education<\/p><\/header>\t\t\t\t\t\t<\/div>\n\t\t\t\t<\/div>\n\t\t\t\t<div class=\"elementor-element elementor-element-9eeafa7 elementor-widget elementor-widget-text-editor\" data-id=\"9eeafa7\" data-element_type=\"widget\" data-widget_type=\"text-editor.default\">\n\t\t\t\t<div class=\"elementor-widget-container\">\n\t\t\t\t\t\t\t<header class=\"entry-header\"><p><strong>Vorstand:<\/strong> Samirah Kenawi<br \/><strong>Leiterin:<\/strong> Sophia Bickhardt<\/p><p><em>Eintrag im Vereinsregister<br \/><\/em><\/p><p>Amtsgericht Berlin-Charlottenburg<br \/><strong>Registrierungsnummer:<\/strong> VR 33243 B<\/p><\/header>\t\t\t\t\t\t<\/div>\n\t\t\t\t<\/div>\n\t\t\t\t<div class=\"elementor-element elementor-element-590de0f elementor-align-left elementor-icon-list--layout-traditional elementor-list-item-link-full_width elementor-widget elementor-widget-icon-list\" data-id=\"590de0f\" data-element_type=\"widget\" data-widget_type=\"icon-list.default\">\n\t\t\t\t<div class=\"elementor-widget-container\">\n\t\t\t<link rel=\"stylesheet\" href=\"https:\/\/lp.economic-literacy.eu\/wp-content\/plugins\/elementor\/assets\/css\/widget-icon-list.min.css\">\t\t<ul class=\"elementor-icon-list-items\">\n\t\t\t\t\t\t\t<li class=\"elementor-icon-list-item\">\n\t\t\t\t\t\t\t\t\t\t\t<span class=\"elementor-icon-list-icon\">\n\t\t\t\t\t\t\t<i aria-hidden=\"true\" class=\"fas fa-map-marker\"><\/i>\t\t\t\t\t\t<\/span>\n\t\t\t\t\t\t\t\t\t\t<span class=\"elementor-icon-list-text\">Fl\u00e4mingstr. 122, 12689 Berlin, Germany<\/span>\n\t\t\t\t\t\t\t\t\t<\/li>\n\t\t\t\t\t\t\t\t<li class=\"elementor-icon-list-item\">\n\t\t\t\t\t\t\t\t\t\t\t<span class=\"elementor-icon-list-icon\">\n\t\t\t\t\t\t\t<i aria-hidden=\"true\" class=\"fas fa-phone-alt\"><\/i>\t\t\t\t\t\t<\/span>\n\t\t\t\t\t\t\t\t\t\t<span class=\"elementor-icon-list-text\">+49 30 22808235<\/span>\n\t\t\t\t\t\t\t\t\t<\/li>\n\t\t\t\t\t\t\t\t<li class=\"elementor-icon-list-item\">\n\t\t\t\t\t\t\t\t\t\t\t<span class=\"elementor-icon-list-icon\">\n\t\t\t\t\t\t\t<i aria-hidden=\"true\" class=\"fas fa-envelope\"><\/i>\t\t\t\t\t\t<\/span>\n\t\t\t\t\t\t\t\t\t\t<span class=\"elementor-icon-list-text\">info@weltgewandt-ev.de<\/span>\n\t\t\t\t\t\t\t\t\t<\/li>\n\t\t\t\t\t\t\t\t<li class=\"elementor-icon-list-item\">\n\t\t\t\t\t\t\t\t\t\t\t<span class=\"elementor-icon-list-icon\">\n\t\t\t\t\t\t\t<i aria-hidden=\"true\" class=\"fas fa-chevron-right\"><\/i>\t\t\t\t\t\t<\/span>\n\t\t\t\t\t\t\t\t\t\t<span class=\"elementor-icon-list-text\">https:\/\/weltgewandt-ev.de\/en\/<\/span>\n\t\t\t\t\t\t\t\t\t<\/li>\n\t\t\t\t\t\t<\/ul>\n\t\t\t\t<\/div>\n\t\t\t\t<\/div>\n\t\t\t\t<div class=\"elementor-element elementor-element-3acbac5 elementor-widget elementor-widget-spacer\" data-id=\"3acbac5\" data-element_type=\"widget\" data-widget_type=\"spacer.default\">\n\t\t\t\t<div class=\"elementor-widget-container\">\n\t\t\t\t\t<div class=\"elementor-spacer\">\n\t\t\t<div class=\"elementor-spacer-inner\"><\/div>\n\t\t<\/div>\n\t\t\t\t<\/div>\n\t\t\t\t<\/div>\n\t\t\t\t<div class=\"elementor-element elementor-element-7a50645 elementor-widget elementor-widget-text-editor\" data-id=\"7a50645\" data-element_type=\"widget\" data-widget_type=\"text-editor.default\">\n\t\t\t\t<div class=\"elementor-widget-container\">\n\t\t\t\t\t\t\t<p><strong>The courses are written by the following authors:<\/strong><\/p><table border=\"0\" cellspacing=\"0\"><colgroup width=\"230\"><\/colgroup> <colgroup width=\"225\"><\/colgroup><tbody><tr><td align=\"left\" height=\"23\"><b><span style=\"font-family: Carlito;\">Course<\/span><\/b><\/td><td align=\"left\"><b><span style=\"font-family: Carlito;\">Author(s) <\/span><\/b><\/td><\/tr><tr><td align=\"left\" height=\"42\"><span style=\"font-family: Carlito;\">Economic Growth and Sustainable Development<\/span><\/td><td align=\"left\"><span style=\"font-family: Liberation Serif;\">Aija Kosk, Peipsi CTC, Estonia<\/span><\/td><\/tr><tr><td align=\"left\" height=\"40\"><span style=\"font-family: Carlito;\">Economic Schools of Thought: Labour Perspectives<\/span><\/td><td align=\"left\"><span style=\"font-family: Liberation Serif;\">Team ITD, Spain<\/span><\/td><\/tr><tr><td align=\"left\" height=\"78\"><span style=\"font-family: Carlito;\">Economic Strategies to Manage the Crisis:\u00a0 Austerity or Government Investment Programmes?<\/span><\/td><td align=\"left\"><span style=\"font-family: Liberation Serif;\">Team ITD, Spain<\/span><\/td><\/tr><tr><td align=\"left\" height=\"82\"><span style=\"font-family: Carlito;\">Economy and Climate<\/span><\/td><td align=\"left\"><span style=\"font-family: Liberation Serif;\">Magdalena Prieler, Andreas Novy, Wirtschaftsuniversit\u00e4t Wien, Austria<\/span><\/td><\/tr><tr><td align=\"left\" height=\"40\"><span style=\"font-family: Carlito;\">Europe: Competition or Cooperation? <\/span><\/td><td align=\"left\"><span style=\"font-family: Carlito;\">Marcin Marczuk, WSEI, Poland<\/span><\/td><\/tr><tr><td align=\"left\" height=\"97\"><span style=\"font-family: Carlito;\">Inequality: What should be done? <\/span><\/td><td align=\"left\"><span style=\"font-family: Carlito;\">Sven-David Pfau, Magdalena Prieler, Andreas Novy, Wirtschaftsuniversit\u00e4t Wien, Austria<\/span><\/td><\/tr><tr><td align=\"left\" height=\"42\"><span style=\"font-family: Liberation Serif;\">Introduction to Feminist Economics <\/span><\/td><td align=\"left\"><span style=\"font-family: Carlito;\">Team AVITEUM, Czech Republic<\/span><\/td><\/tr><tr><td align=\"left\" height=\"42\"><span style=\"font-family: Liberation Serif;\">Women&#8217;s Economic Empowerment<\/span><\/td><td align=\"left\"><span style=\"font-family: Carlito;\">Team AVITEUM, Czech Republic<\/span><\/td><\/tr><tr><td align=\"left\" height=\"59\"><span style=\"font-family: Liberation Serif;\">Modern Money &#8211; The State Can Do It<\/span><\/td><td align=\"left\"><span style=\"font-family: Carlito;\">Monika Stemmer, weltgewandt e.V., Germany<\/span><\/td><\/tr><tr><td align=\"left\" height=\"40\"><span style=\"font-family: Carlito;\">Souvereign Debt, Europe &amp; The Global South<\/span><\/td><td align=\"left\"><span style=\"font-family: Carlito;\">\u00c9ilys Ryan, Tax Justice Ireland<\/span><\/td><\/tr><tr><td align=\"left\" height=\"59\"><span style=\"font-family: Carlito;\">Tax Injustice in the Global South \u2013 Causes, Consequences &amp; Solutions<\/span><\/td><td align=\"left\"><span style=\"font-family: Carlito;\">Meaghan Carmody, Tax Justice Ireland<\/span><\/td><\/tr><tr><td align=\"left\" height=\"40\"><span style=\"font-family: Carlito;\">Migration: Economic and Social Effects in Europe<\/span><\/td><td align=\"left\"><span style=\"color: #00000a; font-family: Calibri;\">Tomasz Wo\u0142owiec, WSEI, Poland<\/span><\/td><\/tr><\/tbody><\/table>\t\t\t\t\t\t<\/div>\n\t\t\t\t<\/div>\n\t\t\t\t<div class=\"elementor-element elementor-element-bfac67d elementor-widget elementor-widget-text-editor\" data-id=\"bfac67d\" data-element_type=\"widget\" data-widget_type=\"text-editor.default\">\n\t\t\t\t<div class=\"elementor-widget-container\">\n\t\t\t\t\t\t\t<p>Bilder: Unsplash.com, team Fresh Up<\/p>\t\t\t\t\t\t<\/div>\n\t\t\t\t<\/div>\n\t\t\t\t<div class=\"elementor-element elementor-element-a506f3a elementor-widget elementor-widget-spacer\" data-id=\"a506f3a\" data-element_type=\"widget\" data-widget_type=\"spacer.default\">\n\t\t\t\t<div class=\"elementor-widget-container\">\n\t\t\t\t\t<div class=\"elementor-spacer\">\n\t\t\t<div class=\"elementor-spacer-inner\"><\/div>\n\t\t<\/div>\n\t\t\t\t<\/div>\n\t\t\t\t<\/div>\n\t\t\t\t<div class=\"elementor-element elementor-element-b703c1f elementor-widget elementor-widget-text-editor\" data-id=\"b703c1f\" data-element_type=\"widget\" data-widget_type=\"text-editor.default\">\n\t\t\t\t<div class=\"elementor-widget-container\">\n\t\t\t\t\t\t\t<p><span data-sheets-value=\"{&quot;1&quot;:2,&quot;2&quot;:&quot;Alle Kurse inklusive Bild und Fotomaterial sowie Texte dieser Plattform stellen eine Open Educational Resource (OER) dar und werden unter den Bedingungen der Creative Commons License ver\u00f6ffentlicht: CC BY-SA 2.0.\\n\\nFalls die gesamte Plattform zitiert wird, tun Sie dies bitte wie folgt: \\&quot;Fresh Up Economics. Towards Economic Literacy in Europe by Fresh Up project team. CC BY-SA 2.0\\&quot;. \\n\\nFalls einzelne Kurse zitiert werden, vermerken Sie sie bitte wie folgt: Name des Autors\/der Autorin, Finanzierungsquelle: Erasmus+ Programm f\u00fcr Erwachsenenbildung der Europ\u00e4ischen Union. \\n\\nDer Text und die Materialien d\u00fcrfen unter den folgenden Bedingungen vervielf\u00e4ltigt, verbreitet, \u00f6ffentlich zug\u00e4nglich gemacht, gemeinsam genutzt und angepasst werden: In jedem Fall m\u00fcssen der Name des Autors\/der Autorin, die Lizenz sowie die Adresse der Website der urspr\u00fcnglichen Quelle ver\u00f6ffentlicht werden. &quot;}\" data-sheets-userformat=\"{&quot;2&quot;:829,&quot;3&quot;:{&quot;1&quot;:0},&quot;5&quot;:{&quot;1&quot;:[{&quot;1&quot;:2,&quot;2&quot;:0,&quot;5&quot;:{&quot;1&quot;:2,&quot;2&quot;:0}},{&quot;1&quot;:0,&quot;2&quot;:0,&quot;3&quot;:3},{&quot;1&quot;:1,&quot;2&quot;:0,&quot;4&quot;:1}]},&quot;6&quot;:{&quot;1&quot;:[{&quot;1&quot;:2,&quot;2&quot;:0,&quot;5&quot;:{&quot;1&quot;:2,&quot;2&quot;:0}},{&quot;1&quot;:0,&quot;2&quot;:0,&quot;3&quot;:3},{&quot;1&quot;:1,&quot;2&quot;:0,&quot;4&quot;:1}]},&quot;7&quot;:{&quot;1&quot;:[{&quot;1&quot;:2,&quot;2&quot;:0,&quot;5&quot;:{&quot;1&quot;:2,&quot;2&quot;:0}},{&quot;1&quot;:0,&quot;2&quot;:0,&quot;3&quot;:3},{&quot;1&quot;:1,&quot;2&quot;:0,&quot;4&quot;:1}]},&quot;8&quot;:{&quot;1&quot;:[{&quot;1&quot;:2,&quot;2&quot;:0,&quot;5&quot;:{&quot;1&quot;:2,&quot;2&quot;:0}},{&quot;1&quot;:0,&quot;2&quot;:0,&quot;3&quot;:3},{&quot;1&quot;:1,&quot;2&quot;:0,&quot;4&quot;:1}]},&quot;11&quot;:4,&quot;12&quot;:0}\">Alle Kurse inklusive Bild- und Fotomaterial sowie alle Texte dieser Plattform stellen eine Open Educational Resource (OER) dar und werden unter den Bedingungen der Creative Commons License ver\u00f6ffentlicht: CC BY-SA 2.0.<br \/><br \/>Falls die gesamte Plattform zitiert wird, tun Sie dies bitte wie folgt: &#8220;Fresh Up Economics. Towards Economic Literacy in Europe by Fresh Up project team. CC BY-SA 2.0&#8221;, Finanzierungsquelle: Erasmus+ Programm f\u00fcr Erwachsenenbildung der Europ\u00e4ischen Union. <br \/><br \/>Falls einzelne Kurse zitiert werden, vermerken Sie sie bitte wie folgt: Name des Autors\/der Autorin, Finanzierungsquelle: Erasmus+ Programm f\u00fcr Erwachsenenbildung der Europ\u00e4ischen Union. <br \/><br \/>Der Text und die Materialien d\u00fcrfen unter den folgenden Bedingungen vervielf\u00e4ltigt, verbreitet, \u00f6ffentlich zug\u00e4nglich gemacht, gemeinsam genutzt und angepasst werden: In jedem Fall m\u00fcssen der Name des Autors\/der Autorin, die Lizenz sowie die Adresse der Website der urspr\u00fcnglichen Quelle ver\u00f6ffentlicht werden. <\/span><\/p><p align=\"justify\"><img decoding=\"async\" class=\"alignnone wp-image-30851\" src=\"https:\/\/lp.economic-literacy.eu\/wp-content\/uploads\/2022\/12\/CC-OER-2-300x106.png\" alt=\"\" width=\"185\" height=\"65\" srcset=\"https:\/\/lp.economic-literacy.eu\/wp-content\/uploads\/2022\/12\/CC-OER-2-300x106.png 300w, https:\/\/lp.economic-literacy.eu\/wp-content\/uploads\/2022\/12\/CC-OER-2-624x220.png 624w, https:\/\/lp.economic-literacy.eu\/wp-content\/uploads\/2022\/12\/CC-OER-2.png 639w\" sizes=\"(max-width: 185px) 100vw, 185px\" \/><\/p>\t\t\t\t\t\t<\/div>\n\t\t\t\t<\/div>\n\t\t\t\t<div class=\"elementor-element elementor-element-8ef1a4b elementor-widget elementor-widget-spacer\" data-id=\"8ef1a4b\" data-element_type=\"widget\" data-widget_type=\"spacer.default\">\n\t\t\t\t<div class=\"elementor-widget-container\">\n\t\t\t\t\t<div class=\"elementor-spacer\">\n\t\t\t<div class=\"elementor-spacer-inner\"><\/div>\n\t\t<\/div>\n\t\t\t\t<\/div>\n\t\t\t\t<\/div>\n\t\t\t\t<div class=\"elementor-element elementor-element-03ed4ae elementor-widget elementor-widget-text-editor\" data-id=\"03ed4ae\" data-element_type=\"widget\" data-widget_type=\"text-editor.default\">\n\t\t\t\t<div class=\"elementor-widget-container\">\n\t\t\t\t\t\t\t<p>This platform is co-funded by the European Union.<\/p><p><em>The European Commission\u2019s support for the production of this publication does not constitute an endorsement of the contents, which reflect the views only of the authors, and the Commission cannot be held responsible for any use which may be made of the information contained therein.<\/em><\/p><p><img decoding=\"async\" class=\"alignnone size-medium wp-image-30295\" src=\"https:\/\/lp.economic-literacy.eu\/wp-content\/uploads\/2022\/11\/2022-Erasmus-right_en-Kopie-300x62.jpg\" alt=\"\" width=\"300\" height=\"62\" srcset=\"https:\/\/lp.economic-literacy.eu\/wp-content\/uploads\/2022\/11\/2022-Erasmus-right_en-Kopie-300x62.jpg 300w, https:\/\/lp.economic-literacy.eu\/wp-content\/uploads\/2022\/11\/2022-Erasmus-right_en-Kopie-768x157.jpg 768w, https:\/\/lp.economic-literacy.eu\/wp-content\/uploads\/2022\/11\/2022-Erasmus-right_en-Kopie-624x128.jpg 624w, https:\/\/lp.economic-literacy.eu\/wp-content\/uploads\/2022\/11\/2022-Erasmus-right_en-Kopie.jpg 800w\" sizes=\"(max-width: 300px) 100vw, 300px\" \/><\/p>\t\t\t\t\t\t<\/div>\n\t\t\t\t<\/div>\n\t\t\t\t\t<\/div>\n\t\t<\/div>\n\t\t\t\t<div class=\"elementor-column elementor-col-50 elementor-top-column elementor-element elementor-element-e030962\" data-id=\"e030962\" data-element_type=\"column\">\n\t\t\t<div class=\"elementor-widget-wrap elementor-element-populated\">\n\t\t\t\t\t\t\t\t<div class=\"elementor-element elementor-element-5339ab4 elementor-widget elementor-widget-image\" data-id=\"5339ab4\" data-element_type=\"widget\" data-widget_type=\"image.default\">\n\t\t\t\t<div class=\"elementor-widget-container\">\n\t\t\t<style>\/*! elementor - v3.8.1 - 13-11-2022 *\/\n.elementor-widget-image{text-align:center}.elementor-widget-image a{display:inline-block}.elementor-widget-image a img[src$=\".svg\"]{width:48px}.elementor-widget-image img{vertical-align:middle;display:inline-block}<\/style>\t\t\t\t\t\t\t\t\t\t\t\t<img decoding=\"async\" width=\"600\" height=\"900\" src=\"https:\/\/lp.economic-literacy.eu\/wp-content\/uploads\/2022\/05\/legacy-notice.jpg\" class=\"attachment-large size-large\" alt=\"\" srcset=\"https:\/\/lp.economic-literacy.eu\/wp-content\/uploads\/2022\/05\/legacy-notice.jpg 600w, https:\/\/lp.economic-literacy.eu\/wp-content\/uploads\/2022\/05\/legacy-notice-200x300.jpg 200w\" sizes=\"(max-width: 600px) 100vw, 600px\" \/>\t\t\t\t\t\t\t\t\t\t\t\t\t\t\t<\/div>\n\t\t\t\t<\/div>\n\t\t\t\t\t<\/div>\n\t\t<\/div>\n\t\t\t\t\t\t\t<\/div>\n\t\t<\/section>\n\t\t\t\t\t\t\t<\/div>\n\t\t","protected":false},"excerpt":{"rendered":"<p>Impressum Koordinierende Einrichtung des Projekts: weltgewandt.\u00a0Institut f\u00fcr interkulturelle politische Bildung e.V.The weltgewandt Institute for Intercultural Civic Education Vorstand: Samirah KenawiLeiterin: Sophia Bickhardt Eintrag im Vereinsregister&hellip;<\/p>\n","protected":false},"author":4,"featured_media":0,"parent":0,"menu_order":0,"comment_status":"closed","ping_status":"closed","template":"","meta":{"footnotes":""},"class_list":["post-4094","page","type-page","status-publish","hentry"],"_links":{"self":[{"href":"https:\/\/lp.economic-literacy.eu\/de\/wp-json\/wp\/v2\/pages\/4094","targetHints":{"allow":["GET"]}}],"collection":[{"href":"https:\/\/lp.economic-literacy.eu\/de\/wp-json\/wp\/v2\/pages"}],"about":[{"href":"https:\/\/lp.economic-literacy.eu\/de\/wp-json\/wp\/v2\/types\/page"}],"author":[{"embeddable":true,"href":"https:\/\/lp.economic-literacy.eu\/de\/wp-json\/wp\/v2\/users\/4"}],"replies":[{"embeddable":true,"href":"https:\/\/lp.economic-literacy.eu\/de\/wp-json\/wp\/v2\/comments?post=4094"}],"version-history":[{"count":132,"href":"https:\/\/lp.economic-literacy.eu\/de\/wp-json\/wp\/v2\/pages\/4094\/revisions"}],"predecessor-version":[{"id":30895,"href":"https:\/\/lp.economic-literacy.eu\/de\/wp-json\/wp\/v2\/pages\/4094\/revisions\/30895"}],"wp:attachment":[{"href":"https:\/\/lp.economic-literacy.eu\/de\/wp-json\/wp\/v2\/media?parent=4094"}],"curies":[{"name":"wp","href":"https:\/\/api.w.org\/{rel}","templated":true}]}}